{"id":518,"date":"2018-07-03T07:28:41","date_gmt":"2018-07-03T07:28:41","guid":{"rendered":"https:\/\/app.blv.foodcase-services.com\/telechargements\/"},"modified":"2025-07-02T08:29:09","modified_gmt":"2025-07-02T06:29:09","slug":"telechargement","status":"publish","type":"page","link":"https:\/\/webapp.prod.blv.foodcase-services.com\/fr\/telechargement\/","title":{"rendered":"T\u00e9l\u00e9chargement"},"content":{"rendered":"<div class=\"fusion-fullwidth fullwidth-box fusion-builder-row-1 nonhundred-percent-fullwidth non-hundred-percent-height-scrolling\" style=\"background-color: #ffffff;background-position: center center;background-repeat: no-repeat;padding-top:60px;padding-right:0px;padding-bottom:60px;padding-left:0px;margin-bottom: 0px;border-width: 0px 0px 0px 0px;border-color:#eae9e9;border-style:solid;\" ><div class=\"fusion-builder-row fusion-row\"><div class=\"fusion-layout-column fusion_builder_column fusion-builder-column-0 fusion_builder_column_1_6 1_6 fusion-one-sixth fusion-column-first\" style=\"width:16.666666666667%;width:calc(16.666666666667% - ( ( 4% + 4% ) * 0.16666666666667 ) );margin-right: 4%;margin-top:0px;margin-bottom:20px;\"><div class=\"fusion-column-wrapper fusion-flex-column-wrapper-legacy\" style=\"background-position:left top;background-repeat:no-repeat;-webkit-background-size:cover;-moz-background-size:cover;-o-background-size:cover;background-size:cover;padding: 0px 0px 0px 0px;\"><div class=\"fusion-clearfix\"><\/div><\/div><\/div><div class=\"fusion-layout-column fusion_builder_column fusion-builder-column-1 fusion_builder_column_2_3 2_3 fusion-two-third\" style=\"width:66.666666666667%;width:calc(66.666666666667% - ( ( 4% + 4% ) * 0.66666666666667 ) );margin-right: 4%;margin-top:0px;margin-bottom:20px;\"><div class=\"fusion-column-wrapper fusion-flex-column-wrapper-legacy\" style=\"background-position:left top;background-repeat:no-repeat;-webkit-background-size:cover;-moz-background-size:cover;-o-background-size:cover;background-size:cover;padding: 0px 0px 0px 0px;\"><div class=\"fusion-text fusion-text-1\"><p class=\"heading-section\">La base de donn\u00e9es suisse des valeurs nutritives peut \u00eatre t\u00e9l\u00e9charg\u00e9e au format Excel. Le fichier contient la Version 7.0.<\/p>\n<p>Les t\u00e9l\u00e9chargements sont gratuits et les donn\u00e9es peuvent aussi \u00eatre utilis\u00e9es \u00e0 des fins commerciales (p. ex., en \u00e9tant int\u00e9gr\u00e9es \u00e0 un logiciel de calcul de la valeur nutritive ou \u00e0 un journal alimentaire en ligne) ainsi qu\u2019\u00e0 des fins scientifiques, sous r\u00e9serve de mentionner la source.<\/p>\n<p><a href=\"https:\/\/webapp.prod.blv.foodcase-services.com\/wp-content\/uploads\/2025\/07\/Base_de_donnees_suisse_des_valeurs_nutritives.xlsx\">Base de donn\u00e9es suisse des valeurs nutritives<\/a><\/p>\n<p><a href=\"https:\/\/naehrwertdaten.ch\/wp-content\/uploads\/2025\/07\/The-Swiss-Food-Composition-Database-API-descripton_V3-separate-API-prod.docx\">Documentation de l&rsquo;API<\/a><\/p>\n<\/div><div class=\"fusion-clearfix\"><\/div><\/div><\/div><div class=\"fusion-layout-column fusion_builder_column fusion-builder-column-2 fusion_builder_column_1_6 1_6 fusion-one-sixth fusion-column-last heading-section\" style=\"width:16.666666666667%;width:calc(16.666666666667% - ( ( 4% + 4% ) * 0.16666666666667 ) );margin-top:0px;margin-bottom:20px;\"><div class=\"fusion-column-wrapper fusion-flex-column-wrapper-legacy\" style=\"background-position:left top;background-repeat:no-repeat;-webkit-background-size:cover;-moz-background-size:cover;-o-background-size:cover;background-size:cover;padding: 0px 0px 0px 0px;\"><div class=\"fusion-clearfix\"><\/div><\/div><\/div><\/div><\/div>\n","protected":false},"excerpt":{"rendered":"","protected":false},"author":2,"featured_media":0,"parent":0,"menu_order":0,"comment_status":"closed","ping_status":"closed","template":"100-width.php","meta":{"footnotes":""},"class_list":["post-518","page","type-page","status-publish","hentry"],"yoast_head":"<!-- This site is optimized with the Yoast SEO plugin v23.9 - https:\/\/yoast.com\/wordpress\/plugins\/seo\/ -->\n<title>T\u00e9l\u00e9chargement - The Swiss Food Composition Database<\/title>\n<meta name=\"robots\" content=\"index, follow, max-snippet:-1, max-image-preview:large, max-video-preview:-1\" \/>\n<link rel=\"canonical\" href=\"https:\/\/valeursnutritives.ch\/fr\/telechargement\/\" \/>\n<meta property=\"og:locale\" content=\"fr_FR\" \/>\n<meta property=\"og:type\" content=\"article\" \/>\n<meta property=\"og:title\" content=\"T\u00e9l\u00e9chargement - The Swiss Food Composition Database\" \/>\n<meta property=\"og:url\" content=\"https:\/\/valeursnutritives.ch\/fr\/telechargement\/\" \/>\n<meta property=\"og:site_name\" content=\"The Swiss Food Composition Database\" \/>\n<meta property=\"article:modified_time\" content=\"2025-07-02T06:29:09+00:00\" \/>\n<meta name=\"twitter:card\" content=\"summary_large_image\" \/>\n<meta name=\"twitter:label1\" content=\"Dur\u00e9e de lecture estim\u00e9e\" \/>\n\t<meta name=\"twitter:data1\" content=\"2 minutes\" \/>\n<script type=\"application\/ld+json\" class=\"yoast-schema-graph\">{\"@context\":\"https:\/\/schema.org\",\"@graph\":[{\"@type\":\"WebPage\",\"@id\":\"https:\/\/valeursnutritives.ch\/fr\/telechargement\/\",\"url\":\"https:\/\/valeursnutritives.ch\/fr\/telechargement\/\",\"name\":\"T\u00e9l\u00e9chargement - The Swiss Food Composition Database\",\"isPartOf\":{\"@id\":\"https:\/\/naehrwertdaten.ch\/en\/#website\"},\"datePublished\":\"2018-07-03T07:28:41+00:00\",\"dateModified\":\"2025-07-02T06:29:09+00:00\",\"breadcrumb\":{\"@id\":\"https:\/\/valeursnutritives.ch\/fr\/telechargement\/#breadcrumb\"},\"inLanguage\":\"fr-FR\",\"potentialAction\":[{\"@type\":\"ReadAction\",\"target\":[\"https:\/\/valeursnutritives.ch\/fr\/telechargement\/\"]}]},{\"@type\":\"BreadcrumbList\",\"@id\":\"https:\/\/valeursnutritives.ch\/fr\/telechargement\/#breadcrumb\",\"itemListElement\":[{\"@type\":\"ListItem\",\"position\":1,\"name\":\"Home\",\"item\":\"https:\/\/valeursnutritives.ch\/fr\/\"},{\"@type\":\"ListItem\",\"position\":2,\"name\":\"T\u00e9l\u00e9chargement\"}]},{\"@type\":\"WebSite\",\"@id\":\"https:\/\/naehrwertdaten.ch\/en\/#website\",\"url\":\"https:\/\/naehrwertdaten.ch\/en\/\",\"name\":\"The Swiss Food Composition Database\",\"description\":\"The Swiss Food Composition Database is a data collection of the Federal Food Safety and Veterinary Office FSVO on the composition of foods that are available in Switzerland.\",\"potentialAction\":[{\"@type\":\"SearchAction\",\"target\":{\"@type\":\"EntryPoint\",\"urlTemplate\":\"https:\/\/naehrwertdaten.ch\/en\/?s={search_term_string}\"},\"query-input\":{\"@type\":\"PropertyValueSpecification\",\"valueRequired\":true,\"valueName\":\"search_term_string\"}}],\"inLanguage\":\"fr-FR\"}]}<\/script>\n<!-- \/ Yoast SEO plugin. -->","yoast_head_json":{"title":"T\u00e9l\u00e9chargement - The Swiss Food Composition Database","robots":{"index":"index","follow":"follow","max-snippet":"max-snippet:-1","max-image-preview":"max-image-preview:large","max-video-preview":"max-video-preview:-1"},"canonical":"https:\/\/valeursnutritives.ch\/fr\/telechargement\/","og_locale":"fr_FR","og_type":"article","og_title":"T\u00e9l\u00e9chargement - The Swiss Food Composition Database","og_url":"https:\/\/valeursnutritives.ch\/fr\/telechargement\/","og_site_name":"The Swiss Food Composition Database","article_modified_time":"2025-07-02T06:29:09+00:00","twitter_card":"summary_large_image","twitter_misc":{"Dur\u00e9e de lecture estim\u00e9e":"2 minutes"},"schema":{"@context":"https:\/\/schema.org","@graph":[{"@type":"WebPage","@id":"https:\/\/valeursnutritives.ch\/fr\/telechargement\/","url":"https:\/\/valeursnutritives.ch\/fr\/telechargement\/","name":"T\u00e9l\u00e9chargement - The Swiss Food Composition Database","isPartOf":{"@id":"https:\/\/naehrwertdaten.ch\/en\/#website"},"datePublished":"2018-07-03T07:28:41+00:00","dateModified":"2025-07-02T06:29:09+00:00","breadcrumb":{"@id":"https:\/\/valeursnutritives.ch\/fr\/telechargement\/#breadcrumb"},"inLanguage":"fr-FR","potentialAction":[{"@type":"ReadAction","target":["https:\/\/valeursnutritives.ch\/fr\/telechargement\/"]}]},{"@type":"BreadcrumbList","@id":"https:\/\/valeursnutritives.ch\/fr\/telechargement\/#breadcrumb","itemListElement":[{"@type":"ListItem","position":1,"name":"Home","item":"https:\/\/valeursnutritives.ch\/fr\/"},{"@type":"ListItem","position":2,"name":"T\u00e9l\u00e9chargement"}]},{"@type":"WebSite","@id":"https:\/\/naehrwertdaten.ch\/en\/#website","url":"https:\/\/naehrwertdaten.ch\/en\/","name":"The Swiss Food Composition Database","description":"The Swiss Food Composition Database is a data collection of the Federal Food Safety and Veterinary Office FSVO on the composition of foods that are available in Switzerland.","potentialAction":[{"@type":"SearchAction","target":{"@type":"EntryPoint","urlTemplate":"https:\/\/naehrwertdaten.ch\/en\/?s={search_term_string}"},"query-input":{"@type":"PropertyValueSpecification","valueRequired":true,"valueName":"search_term_string"}}],"inLanguage":"fr-FR"}]}},"_links":{"self":[{"href":"https:\/\/webapp.prod.blv.foodcase-services.com\/fr\/wp-json\/wp\/v2\/pages\/518","targetHints":{"allow":["GET"]}}],"collection":[{"href":"https:\/\/webapp.prod.blv.foodcase-services.com\/fr\/wp-json\/wp\/v2\/pages"}],"about":[{"href":"https:\/\/webapp.prod.blv.foodcase-services.com\/fr\/wp-json\/wp\/v2\/types\/page"}],"author":[{"embeddable":true,"href":"https:\/\/webapp.prod.blv.foodcase-services.com\/fr\/wp-json\/wp\/v2\/users\/2"}],"replies":[{"embeddable":true,"href":"https:\/\/webapp.prod.blv.foodcase-services.com\/fr\/wp-json\/wp\/v2\/comments?post=518"}],"version-history":[{"count":49,"href":"https:\/\/webapp.prod.blv.foodcase-services.com\/fr\/wp-json\/wp\/v2\/pages\/518\/revisions"}],"predecessor-version":[{"id":2362,"href":"https:\/\/webapp.prod.blv.foodcase-services.com\/fr\/wp-json\/wp\/v2\/pages\/518\/revisions\/2362"}],"wp:attachment":[{"href":"https:\/\/webapp.prod.blv.foodcase-services.com\/fr\/wp-json\/wp\/v2\/media?parent=518"}],"curies":[{"name":"wp","href":"https:\/\/api.w.org\/{rel}","templated":true}]}}