{"id":523,"date":"2018-07-03T07:30:31","date_gmt":"2018-07-03T07:30:31","guid":{"rendered":"https:\/\/app.blv.foodcase-services.com\/downloads\/"},"modified":"2025-07-02T08:27:08","modified_gmt":"2025-07-02T06:27:08","slug":"downloads","status":"publish","type":"page","link":"https:\/\/webapp.prod.blv.foodcase-services.com\/de\/downloads\/","title":{"rendered":"Downloads"},"content":{"rendered":"<div class=\"fusion-fullwidth fullwidth-box fusion-builder-row-1 nonhundred-percent-fullwidth non-hundred-percent-height-scrolling\" style=\"background-color: #ffffff;background-position: center center;background-repeat: no-repeat;padding-top:60px;padding-right:0px;padding-bottom:60px;padding-left:0px;margin-bottom: 0px;border-width: 0px 0px 0px 0px;border-color:#eae9e9;border-style:solid;\" ><div class=\"fusion-builder-row fusion-row\"><div class=\"fusion-layout-column fusion_builder_column fusion-builder-column-0 fusion_builder_column_1_6 1_6 fusion-one-sixth fusion-column-first\" style=\"width:16.666666666667%;width:calc(16.666666666667% - ( ( 4% + 4% ) * 0.16666666666667 ) );margin-right: 4%;margin-top:0px;margin-bottom:20px;\"><div class=\"fusion-column-wrapper fusion-flex-column-wrapper-legacy\" style=\"background-position:left top;background-repeat:no-repeat;-webkit-background-size:cover;-moz-background-size:cover;-o-background-size:cover;background-size:cover;padding: 0px 0px 0px 0px;\"><div class=\"fusion-clearfix\"><\/div><\/div><\/div><div class=\"fusion-layout-column fusion_builder_column fusion-builder-column-1 fusion_builder_column_2_3 2_3 fusion-two-third\" style=\"width:66.666666666667%;width:calc(66.666666666667% - ( ( 4% + 4% ) * 0.66666666666667 ) );margin-right: 4%;margin-top:0px;margin-bottom:20px;\"><div class=\"fusion-column-wrapper fusion-flex-column-wrapper-legacy\" style=\"background-position:left top;background-repeat:no-repeat;-webkit-background-size:cover;-moz-background-size:cover;-o-background-size:cover;background-size:cover;padding: 0px 0px 0px 0px;\"><div class=\"fusion-text fusion-text-1\"><p class=\"heading-section\">Die Schweizer N\u00e4hrwertdatenbank kann als Excel-File heruntergeladen werden. Die Datei enth\u00e4lt die Version 7.0 der Schweizer N\u00e4hrwertdatenbank.<\/p>\n<p>Das Herunterladen ist kostenlos und die Daten d\u00fcrfen unter Angabe eines Quellenvermerks auch f\u00fcr kommerzielle (z.B. Einbindung in N\u00e4hrwertberechnungssoftware oder Ern\u00e4hrungstagebuch-App) und wissenschaftliche Zwecke verwendet werden.<\/p>\n<p><a href=\"https:\/\/webapp.prod.blv.foodcase-services.com\/wp-content\/uploads\/2025\/07\/Schweizer_Nahrwertdatenbank.xlsx\">Schweizer N\u00e4hrwertdatenbank<\/a><\/p>\n<p><a href=\"https:\/\/naehrwertdaten.ch\/wp-content\/uploads\/2025\/07\/The-Swiss-Food-Composition-Database-API-descripton_V3-separate-API-prod.docx\">API-Dokumentation<\/a><\/p>\n<\/div><div class=\"fusion-clearfix\"><\/div><\/div><\/div><div class=\"fusion-layout-column fusion_builder_column fusion-builder-column-2 fusion_builder_column_1_6 1_6 fusion-one-sixth fusion-column-last heading-section\" style=\"width:16.666666666667%;width:calc(16.666666666667% - ( ( 4% + 4% ) * 0.16666666666667 ) );margin-top:0px;margin-bottom:20px;\"><div class=\"fusion-column-wrapper fusion-flex-column-wrapper-legacy\" style=\"background-position:left top;background-repeat:no-repeat;-webkit-background-size:cover;-moz-background-size:cover;-o-background-size:cover;background-size:cover;padding: 0px 0px 0px 0px;\"><div class=\"fusion-clearfix\"><\/div><\/div><\/div><\/div><\/div>\n","protected":false},"excerpt":{"rendered":"","protected":false},"author":2,"featured_media":0,"parent":0,"menu_order":0,"comment_status":"closed","ping_status":"closed","template":"100-width.php","meta":{"footnotes":""},"class_list":["post-523","page","type-page","status-publish","hentry"],"yoast_head":"<!-- This site is optimized with the Yoast SEO plugin v23.9 - https:\/\/yoast.com\/wordpress\/plugins\/seo\/ -->\n<title>Downloads - The Swiss Food Composition Database<\/title>\n<meta name=\"robots\" content=\"index, follow, max-snippet:-1, max-image-preview:large, max-video-preview:-1\" \/>\n<link rel=\"canonical\" href=\"https:\/\/naehrwertdaten.ch\/de\/downloads\/\" \/>\n<meta property=\"og:locale\" content=\"de_DE\" \/>\n<meta property=\"og:type\" content=\"article\" \/>\n<meta property=\"og:title\" content=\"Downloads - The Swiss Food Composition Database\" \/>\n<meta property=\"og:url\" content=\"https:\/\/naehrwertdaten.ch\/de\/downloads\/\" \/>\n<meta property=\"og:site_name\" content=\"The Swiss Food Composition Database\" \/>\n<meta property=\"article:modified_time\" content=\"2025-07-02T06:27:08+00:00\" \/>\n<meta name=\"twitter:card\" content=\"summary_large_image\" \/>\n<meta name=\"twitter:label1\" content=\"Gesch\u00e4tzte Lesezeit\" \/>\n\t<meta name=\"twitter:data1\" content=\"1\u00a0Minute\" \/>\n<script type=\"application\/ld+json\" class=\"yoast-schema-graph\">{\"@context\":\"https:\/\/schema.org\",\"@graph\":[{\"@type\":\"WebPage\",\"@id\":\"https:\/\/naehrwertdaten.ch\/de\/downloads\/\",\"url\":\"https:\/\/naehrwertdaten.ch\/de\/downloads\/\",\"name\":\"Downloads - The Swiss Food Composition Database\",\"isPartOf\":{\"@id\":\"https:\/\/naehrwertdaten.ch\/de\/#website\"},\"datePublished\":\"2018-07-03T07:30:31+00:00\",\"dateModified\":\"2025-07-02T06:27:08+00:00\",\"breadcrumb\":{\"@id\":\"https:\/\/naehrwertdaten.ch\/de\/downloads\/#breadcrumb\"},\"inLanguage\":\"de\",\"potentialAction\":[{\"@type\":\"ReadAction\",\"target\":[\"https:\/\/naehrwertdaten.ch\/de\/downloads\/\"]}]},{\"@type\":\"BreadcrumbList\",\"@id\":\"https:\/\/naehrwertdaten.ch\/de\/downloads\/#breadcrumb\",\"itemListElement\":[{\"@type\":\"ListItem\",\"position\":1,\"name\":\"Home\",\"item\":\"https:\/\/naehrwertdaten.ch\/de\/\"},{\"@type\":\"ListItem\",\"position\":2,\"name\":\"Downloads\"}]},{\"@type\":\"WebSite\",\"@id\":\"https:\/\/naehrwertdaten.ch\/de\/#website\",\"url\":\"https:\/\/naehrwertdaten.ch\/de\/\",\"name\":\"The Swiss Food Composition Database\",\"description\":\"The Swiss Food Composition Database is a data collection of the Federal Food Safety and Veterinary Office FSVO on the composition of foods that are available in Switzerland.\",\"potentialAction\":[{\"@type\":\"SearchAction\",\"target\":{\"@type\":\"EntryPoint\",\"urlTemplate\":\"https:\/\/naehrwertdaten.ch\/de\/?s={search_term_string}\"},\"query-input\":{\"@type\":\"PropertyValueSpecification\",\"valueRequired\":true,\"valueName\":\"search_term_string\"}}],\"inLanguage\":\"de\"}]}<\/script>\n<!-- \/ Yoast SEO plugin. -->","yoast_head_json":{"title":"Downloads - The Swiss Food Composition Database","robots":{"index":"index","follow":"follow","max-snippet":"max-snippet:-1","max-image-preview":"max-image-preview:large","max-video-preview":"max-video-preview:-1"},"canonical":"https:\/\/naehrwertdaten.ch\/de\/downloads\/","og_locale":"de_DE","og_type":"article","og_title":"Downloads - The Swiss Food Composition Database","og_url":"https:\/\/naehrwertdaten.ch\/de\/downloads\/","og_site_name":"The Swiss Food Composition Database","article_modified_time":"2025-07-02T06:27:08+00:00","twitter_card":"summary_large_image","twitter_misc":{"Gesch\u00e4tzte Lesezeit":"1\u00a0Minute"},"schema":{"@context":"https:\/\/schema.org","@graph":[{"@type":"WebPage","@id":"https:\/\/naehrwertdaten.ch\/de\/downloads\/","url":"https:\/\/naehrwertdaten.ch\/de\/downloads\/","name":"Downloads - The Swiss Food Composition Database","isPartOf":{"@id":"https:\/\/naehrwertdaten.ch\/de\/#website"},"datePublished":"2018-07-03T07:30:31+00:00","dateModified":"2025-07-02T06:27:08+00:00","breadcrumb":{"@id":"https:\/\/naehrwertdaten.ch\/de\/downloads\/#breadcrumb"},"inLanguage":"de","potentialAction":[{"@type":"ReadAction","target":["https:\/\/naehrwertdaten.ch\/de\/downloads\/"]}]},{"@type":"BreadcrumbList","@id":"https:\/\/naehrwertdaten.ch\/de\/downloads\/#breadcrumb","itemListElement":[{"@type":"ListItem","position":1,"name":"Home","item":"https:\/\/naehrwertdaten.ch\/de\/"},{"@type":"ListItem","position":2,"name":"Downloads"}]},{"@type":"WebSite","@id":"https:\/\/naehrwertdaten.ch\/de\/#website","url":"https:\/\/naehrwertdaten.ch\/de\/","name":"The Swiss Food Composition Database","description":"The Swiss Food Composition Database is a data collection of the Federal Food Safety and Veterinary Office FSVO on the composition of foods that are available in Switzerland.","potentialAction":[{"@type":"SearchAction","target":{"@type":"EntryPoint","urlTemplate":"https:\/\/naehrwertdaten.ch\/de\/?s={search_term_string}"},"query-input":{"@type":"PropertyValueSpecification","valueRequired":true,"valueName":"search_term_string"}}],"inLanguage":"de"}]}},"_links":{"self":[{"href":"https:\/\/webapp.prod.blv.foodcase-services.com\/de\/wp-json\/wp\/v2\/pages\/523","targetHints":{"allow":["GET"]}}],"collection":[{"href":"https:\/\/webapp.prod.blv.foodcase-services.com\/de\/wp-json\/wp\/v2\/pages"}],"about":[{"href":"https:\/\/webapp.prod.blv.foodcase-services.com\/de\/wp-json\/wp\/v2\/types\/page"}],"author":[{"embeddable":true,"href":"https:\/\/webapp.prod.blv.foodcase-services.com\/de\/wp-json\/wp\/v2\/users\/2"}],"replies":[{"embeddable":true,"href":"https:\/\/webapp.prod.blv.foodcase-services.com\/de\/wp-json\/wp\/v2\/comments?post=523"}],"version-history":[{"count":47,"href":"https:\/\/webapp.prod.blv.foodcase-services.com\/de\/wp-json\/wp\/v2\/pages\/523\/revisions"}],"predecessor-version":[{"id":2360,"href":"https:\/\/webapp.prod.blv.foodcase-services.com\/de\/wp-json\/wp\/v2\/pages\/523\/revisions\/2360"}],"wp:attachment":[{"href":"https:\/\/webapp.prod.blv.foodcase-services.com\/de\/wp-json\/wp\/v2\/media?parent=523"}],"curies":[{"name":"wp","href":"https:\/\/api.w.org\/{rel}","templated":true}]}}